{"id":556,"date":"2024-12-12T12:49:33","date_gmt":"2024-12-12T12:49:33","guid":{"rendered":"https:\/\/prontocucci.com\/?page_id=556"},"modified":"2024-12-15T23:37:25","modified_gmt":"2024-12-15T23:37:25","slug":"bien-etre-animal","status":"publish","type":"page","link":"https:\/\/prontocucci.com\/fr\/bien-etre-animal\/","title":{"rendered":"BIEN-\u00caTRE ANIMAL"},"content":{"rendered":"<p>[vc_row][vc_column][vc_empty_space height=\u00a0\u00bb100px\u00a0\u00bb][\/vc_column][\/vc_row][vc_row][vc_column width=\u00a0\u00bb1\/2&Prime;][vc_single_image image=\u00a0\u00bb338&Prime; img_size=\u00a0\u00bb700&#215;430&Prime;][\/vc_column][vc_column width=\u00a0\u00bb1\/2&Prime;][vc_column_text]<strong>Bien-\u00eatre animal<\/strong><br \/>\n<strong>Soins et bien-\u00eatre de votre animal<\/strong><\/p>\n<p>Vous avez besoin d&rsquo;un moment de bien-\u00eatre pour votre animal de compagnie ? Aucun probl\u00e8me! Avec nos services d&rsquo;ost\u00e9opathie, de massage et de communication animale, vous pourrez vous d\u00e9tendre et prendre soin de votre compagnon \u00e0 quatre pattes en toute s\u00e9r\u00e9nit\u00e9.<\/p>\n<p>Nos services comprennent :<\/p>\n<ul>\n<li>Ost\u00e9opathie pour am\u00e9liorer la mobilit\u00e9 et le bien-\u00eatre physique de votre animal.<\/li>\n<li>Massages relaxants pour soulager les tensions et le stress.<\/li>\n<li>Communication animale pour am\u00e9liorer la compr\u00e9hension et le lien avec votre compagnon.<\/li>\n<\/ul>\n<p>Vous m\u00e9ritez tous les deux le meilleur ! Avec le service <strong>Bien-\u00eatre animal<\/strong>, vous pouvez offrir \u00e0 votre ami \u00e0 quatre pattes un maximum de soins et de bien-\u00eatre.[\/vc_column_text][vc_btn title=\u00a0\u00bbContactez-nous\u00a0\u00bb style=\u00a0\u00bboutline-custom\u00a0\u00bb outline_custom_color=\u00a0\u00bb#000000&Prime; outline_custom_hover_background=\u00a0\u00bb#000000&Prime; outline_custom_hover_text=\u00a0\u00bb#ffffff\u00a0\u00bb shape=\u00a0\u00bbround\u00a0\u00bb link=\u00a0\u00bburl:https%3A%2F%2Fprontocucci.com%2Ffr%2Fcontactez-nous%2F\u00a0\u00bb][\/vc_column][\/vc_row]<\/p>\n","protected":false},"excerpt":{"rendered":"<p>[vc_row][vc_column][vc_empty_space height=\u00a0\u00bb100px\u00a0\u00bb][\/vc_column][\/vc_row][vc_row][vc_column width=\u00a0\u00bb1\/2&Prime;][vc_single_image image=\u00a0\u00bb338&Prime; img_size=\u00a0\u00bb700&#215;430&Prime;][\/vc_column][vc_column width=\u00a0\u00bb1\/2&Prime;][vc_column_text]Bien-\u00eatre animal Soins et bien-\u00eatre de votre animal Vous avez besoin d&rsquo;un moment de bien-\u00eatre [&hellip;]<\/p>\n","protected":false},"author":1,"featured_media":0,"parent":0,"menu_order":0,"comment_status":"closed","ping_status":"closed","template":"","meta":{"site-sidebar-layout":"default","site-content-layout":"plain-container","ast-site-content-layout":"default","site-content-style":"default","site-sidebar-style":"default","ast-global-header-display":"","ast-banner-title-visibility":"","ast-main-header-display":"","ast-hfb-above-header-display":"","ast-hfb-below-header-display":"","ast-hfb-mobile-header-display":"","site-post-title":"","ast-breadcrumbs-content":"","ast-featured-img":"","footer-sml-layout":"","ast-disable-related-posts":"","theme-transparent-header-meta":"default","adv-header-id-meta":"","stick-header-meta":"","header-above-stick-meta":"","header-main-stick-meta":"","header-below-stick-meta":"","astra-migrate-meta-layouts":"set","ast-page-background-enabled":"default","ast-page-background-meta":{"desktop":{"background-color":"var(--ast-global-color-4)","background-image":"","background-repeat":"repeat","background-position":"center center","background-size":"auto","background-attachment":"scroll","background-type":"","background-media":"","overlay-type":"","overlay-color":"","overlay-opacity":"","overlay-gradient":""},"tablet":{"background-color":"","background-image":"","background-repeat":"repeat","background-position":"center center","background-size":"auto","background-attachment":"scroll","background-type":"","background-media":"","overlay-type":"","overlay-color":"","overlay-opacity":"","overlay-gradient":""},"mobile":{"background-color":"","background-image":"","background-repeat":"repeat","background-position":"center center","background-size":"auto","background-attachment":"scroll","background-type":"","background-media":"","overlay-type":"","overlay-color":"","overlay-opacity":"","overlay-gradient":""}},"ast-content-background-meta":{"desktop":{"background-color":"var(--ast-global-color-5)","background-image":"","background-repeat":"repeat","background-position":"center center","background-size":"auto","background-attachment":"scroll","background-type":"","background-media":"","overlay-type":"","overlay-color":"","overlay-opacity":"","overlay-gradient":""},"tablet":{"background-color":"var(--ast-global-color-5)","background-image":"","background-repeat":"repeat","background-position":"center center","background-size":"auto","background-attachment":"scroll","background-type":"","background-media":"","overlay-type":"","overlay-color":"","overlay-opacity":"","overlay-gradient":""},"mobile":{"background-color":"var(--ast-global-color-5)","background-image":"","background-repeat":"repeat","background-position":"center center","background-size":"auto","background-attachment":"scroll","background-type":"","background-media":"","overlay-type":"","overlay-color":"","overlay-opacity":"","overlay-gradient":""}},"footnotes":""},"class_list":["post-556","page","type-page","status-publish","hentry"],"aioseo_notices":[],"_links":{"self":[{"href":"https:\/\/prontocucci.com\/fr\/wp-json\/wp\/v2\/pages\/556","targetHints":{"allow":["GET"]}}],"collection":[{"href":"https:\/\/prontocucci.com\/fr\/wp-json\/wp\/v2\/pages"}],"about":[{"href":"https:\/\/prontocucci.com\/fr\/wp-json\/wp\/v2\/types\/page"}],"author":[{"embeddable":true,"href":"https:\/\/prontocucci.com\/fr\/wp-json\/wp\/v2\/users\/1"}],"replies":[{"embeddable":true,"href":"https:\/\/prontocucci.com\/fr\/wp-json\/wp\/v2\/comments?post=556"}],"version-history":[{"count":5,"href":"https:\/\/prontocucci.com\/fr\/wp-json\/wp\/v2\/pages\/556\/revisions"}],"predecessor-version":[{"id":862,"href":"https:\/\/prontocucci.com\/fr\/wp-json\/wp\/v2\/pages\/556\/revisions\/862"}],"wp:attachment":[{"href":"https:\/\/prontocucci.com\/fr\/wp-json\/wp\/v2\/media?parent=556"}],"curies":[{"name":"wp","href":"https:\/\/api.w.org\/{rel}","templated":true}]}}