{"id":558,"date":"2024-12-12T12:49:48","date_gmt":"2024-12-12T12:49:48","guid":{"rendered":"https:\/\/prontocucci.com\/?page_id=558"},"modified":"2024-12-15T23:36:17","modified_gmt":"2024-12-15T23:36:17","slug":"cat-sitter","status":"publish","type":"page","link":"https:\/\/prontocucci.com\/fr\/cat-sitter\/","title":{"rendered":"CAT SITTER"},"content":{"rendered":"<p>[vc_row][vc_column][vc_empty_space height=\u00a0\u00bb100px\u00a0\u00bb][\/vc_column][\/vc_row][vc_row][vc_column width=\u00a0\u00bb1\/2&Prime;][vc_single_image image=\u00a0\u00bb303&Prime; img_size=\u00a0\u00bb600&#215;500&Prime;][\/vc_column][vc_column width=\u00a0\u00bb1\/2&Prime;][vc_column_text]<\/p>\n<div class=\"flex-shrink-0 flex flex-col relative items-end\">\n<div class=\"pt-0\">\n<div class=\"gizmo-bot-avatar flex h-8 w-8 items-center justify-center overflow-hidden rounded-full\">\n<div class=\"relative p-1 rounded-sm flex items-center justify-center bg-token-main-surface-primary text-token-text-primary h-8 w-8\">\n<p><strong>Cat Sitter<\/strong><br \/>\n<strong>Service<\/strong><strong>\u00a0sur mesure pour votre chat<\/strong><\/p>\n<p>Nous proposons des visites personnalis\u00e9es pour prendre soin de votre chat pendant votre absence. Chaque visite dure 30 minutes ou 60 mn et garantit que votre ami f\u00e9lin re\u00e7oit l&rsquo;attention et les soins dont il a besoin pour se sentir aim\u00e9 et \u00e0 l&rsquo;aise.<\/p>\n<p>Nos visites comprennent :<\/p>\n<ul>\n<li>Nettoyer la liti\u00e8re et remettre du sable si n\u00e9cessaire.<\/li>\n<li>Fourniture de repas frais et d\u2019eau potable.<\/li>\n<li>Jeux et moments c\u00e2lins (si le chat le souhaite).<\/li>\n<li>Administration de m\u00e9dicaments ou de traitements sp\u00e9cifiques, si n\u00e9cessaire.<\/li>\n<\/ul>\n<p>Nous veillons \u00e0 ce que votre chat re\u00e7oive tous les soins et le confort n\u00e9cessaires pour que vous trouviez un ami heureux \u00e0 votre retour.<\/p>\n<\/div>\n<\/div>\n<\/div>\n<\/div>\n<p>[\/vc_column_text][vc_btn title=\u00a0\u00bbContactez-Nous\u00a0\u00bb style=\u00a0\u00bboutline-custom\u00a0\u00bb outline_custom_color=\u00a0\u00bb#000000&Prime; outline_custom_hover_background=\u00a0\u00bb#000000&Prime; outline_custom_hover_text=\u00a0\u00bb#ffffff\u00a0\u00bb shape=\u00a0\u00bbround\u00a0\u00bb link=\u00a0\u00bburl:https%3A%2F%2Fprontocucci.com%2Ffr%2Fcontactez-nous%2F\u00a0\u00bb][\/vc_column][\/vc_row]<\/p>\n","protected":false},"excerpt":{"rendered":"<p>[vc_row][vc_column][vc_empty_space height=\u00a0\u00bb100px\u00a0\u00bb][\/vc_column][\/vc_row][vc_row][vc_column width=\u00a0\u00bb1\/2&Prime;][vc_single_image image=\u00a0\u00bb303&Prime; img_size=\u00a0\u00bb600&#215;500&Prime;][\/vc_column][vc_column width=\u00a0\u00bb1\/2&Prime;][vc_column_text] Cat Sitter Service\u00a0sur mesure pour votre chat Nous proposons des visites personnalis\u00e9es pour prendre [&hellip;]<\/p>\n","protected":false},"author":1,"featured_media":0,"parent":0,"menu_order":0,"comment_status":"closed","ping_status":"closed","template":"","meta":{"site-sidebar-layout":"default","site-content-layout":"plain-container","ast-site-content-layout":"default","site-content-style":"default","site-sidebar-style":"default","ast-global-header-display":"","ast-banner-title-visibility":"","ast-main-header-display":"","ast-hfb-above-header-display":"","ast-hfb-below-header-display":"","ast-hfb-mobile-header-display":"","site-post-title":"","ast-breadcrumbs-content":"","ast-featured-img":"","footer-sml-layout":"","ast-disable-related-posts":"","theme-transparent-header-meta":"default","adv-header-id-meta":"","stick-header-meta":"","header-above-stick-meta":"","header-main-stick-meta":"","header-below-stick-meta":"","astra-migrate-meta-layouts":"set","ast-page-background-enabled":"default","ast-page-background-meta":{"desktop":{"background-color":"var(--ast-global-color-4)","background-image":"","background-repeat":"repeat","background-position":"center center","background-size":"auto","background-attachment":"scroll","background-type":"","background-media":"","overlay-type":"","overlay-color":"","overlay-opacity":"","overlay-gradient":""},"tablet":{"background-color":"","background-image":"","background-repeat":"repeat","background-position":"center center","background-size":"auto","background-attachment":"scroll","background-type":"","background-media":"","overlay-type":"","overlay-color":"","overlay-opacity":"","overlay-gradient":""},"mobile":{"background-color":"","background-image":"","background-repeat":"repeat","background-position":"center center","background-size":"auto","background-attachment":"scroll","background-type":"","background-media":"","overlay-type":"","overlay-color":"","overlay-opacity":"","overlay-gradient":""}},"ast-content-background-meta":{"desktop":{"background-color":"var(--ast-global-color-5)","background-image":"","background-repeat":"repeat","background-position":"center center","background-size":"auto","background-attachment":"scroll","background-type":"","background-media":"","overlay-type":"","overlay-color":"","overlay-opacity":"","overlay-gradient":""},"tablet":{"background-color":"var(--ast-global-color-5)","background-image":"","background-repeat":"repeat","background-position":"center center","background-size":"auto","background-attachment":"scroll","background-type":"","background-media":"","overlay-type":"","overlay-color":"","overlay-opacity":"","overlay-gradient":""},"mobile":{"background-color":"var(--ast-global-color-5)","background-image":"","background-repeat":"repeat","background-position":"center center","background-size":"auto","background-attachment":"scroll","background-type":"","background-media":"","overlay-type":"","overlay-color":"","overlay-opacity":"","overlay-gradient":""}},"footnotes":""},"class_list":["post-558","page","type-page","status-publish","hentry"],"aioseo_notices":[],"_links":{"self":[{"href":"https:\/\/prontocucci.com\/fr\/wp-json\/wp\/v2\/pages\/558","targetHints":{"allow":["GET"]}}],"collection":[{"href":"https:\/\/prontocucci.com\/fr\/wp-json\/wp\/v2\/pages"}],"about":[{"href":"https:\/\/prontocucci.com\/fr\/wp-json\/wp\/v2\/types\/page"}],"author":[{"embeddable":true,"href":"https:\/\/prontocucci.com\/fr\/wp-json\/wp\/v2\/users\/1"}],"replies":[{"embeddable":true,"href":"https:\/\/prontocucci.com\/fr\/wp-json\/wp\/v2\/comments?post=558"}],"version-history":[{"count":4,"href":"https:\/\/prontocucci.com\/fr\/wp-json\/wp\/v2\/pages\/558\/revisions"}],"predecessor-version":[{"id":858,"href":"https:\/\/prontocucci.com\/fr\/wp-json\/wp\/v2\/pages\/558\/revisions\/858"}],"wp:attachment":[{"href":"https:\/\/prontocucci.com\/fr\/wp-json\/wp\/v2\/media?parent=558"}],"curies":[{"name":"wp","href":"https:\/\/api.w.org\/{rel}","templated":true}]}}