{"id":562,"date":"2024-12-12T12:50:14","date_gmt":"2024-12-12T12:50:14","guid":{"rendered":"https:\/\/prontocucci.com\/?page_id=562"},"modified":"2024-12-16T00:01:29","modified_gmt":"2024-12-16T00:01:29","slug":"contactez-nous","status":"publish","type":"page","link":"https:\/\/prontocucci.com\/fr\/contactez-nous\/","title":{"rendered":"Contactez-nous"},"content":{"rendered":"<p>[vc_row content_placement=\u00a0\u00bbmiddle\u00a0\u00bb][vc_column][vc_empty_space height=\u00a0\u00bb100px\u00a0\u00bb]<style id=\"wpforms-css-vars-829\">\n\t\t\t\t#wpforms-829 {\n\t\t\t\t\n\t\t\t}\n\t\t\t<\/style><div class=\"wpforms-container wpforms-container-full wpforms-render-modern\" id=\"wpforms-829\"><form id=\"wpforms-form-829\" class=\"wpforms-validate wpforms-form wpforms-ajax-form\" data-formid=\"829\" method=\"post\" enctype=\"multipart\/form-data\" action=\"\/fr\/wp-json\/wp\/v2\/pages\/562\" data-token=\"d26bdf39a858b0736dfde317cc9109ff\" data-token-time=\"1778675378\"><noscript class=\"wpforms-error-noscript\">Veuillez activer JavaScript dans votre navigateur pour remplir ce formulaire.<\/noscript><div id=\"wpforms-error-noscript\" style=\"display: none;\">Veuillez activer JavaScript dans votre navigateur pour remplir ce formulaire.<\/div><div class=\"wpforms-field-container\">\t\t<div id=\"wpforms-829-field_3-container\"\n\t\t\tclass=\"wpforms-field wpforms-field-text\"\n\t\t\tdata-field-type=\"text\"\n\t\t\tdata-field-id=\"3\"\n\t\t\t>\n\t\t\t<label class=\"wpforms-field-label\" for=\"wpforms-829-field_3\" >Message vous Quel<\/label>\n\t\t\t<input type=\"text\" id=\"wpforms-829-field_3\" class=\"wpforms-field-medium\" name=\"wpforms[fields][3]\" >\n\t\t<\/div>\n\t\t<div id=\"wpforms-829-field_2-container\" class=\"wpforms-field wpforms-field-name\" data-field-id=\"2\"><label class=\"wpforms-field-label\" for=\"wpforms-829-field_2\">Pr\u00e9nom <span class=\"wpforms-required-label\" aria-hidden=\"true\">*<\/span><\/label><input type=\"text\" id=\"wpforms-829-field_2\" class=\"wpforms-field-medium wpforms-field-required\" name=\"wpforms[fields][2]\" aria-errormessage=\"wpforms-829-field_2-error\" required><\/div><div id=\"wpforms-829-field_1-container\" class=\"wpforms-field wpforms-field-name\" data-field-id=\"1\"><label class=\"wpforms-field-label\" for=\"wpforms-829-field_1\">Quel animal avez-vous ? <span class=\"wpforms-required-label\" aria-hidden=\"true\">*<\/span><\/label><input type=\"text\" id=\"wpforms-829-field_1\" class=\"wpforms-field-medium wpforms-field-required\" name=\"wpforms[fields][1]\" aria-errormessage=\"wpforms-829-field_1-error\" required><\/div><div id=\"wpforms-829-field_5-container\" class=\"wpforms-field wpforms-field-email\" data-field-id=\"5\"><label class=\"wpforms-field-label\" for=\"wpforms-829-field_5\">E-mail <span class=\"wpforms-required-label\" aria-hidden=\"true\">*<\/span><\/label><input type=\"email\" id=\"wpforms-829-field_5\" class=\"wpforms-field-medium wpforms-field-required\" name=\"wpforms[fields][5]\" spellcheck=\"false\" aria-errormessage=\"wpforms-829-field_5-error\" required><\/div><div id=\"wpforms-829-field_6-container\" class=\"wpforms-field wpforms-field-text\" data-field-id=\"6\"><label class=\"wpforms-field-label\" for=\"wpforms-829-field_6\">T\u00e9l\u00e9phone<\/label><input type=\"text\" id=\"wpforms-829-field_6\" class=\"wpforms-field-medium\" name=\"wpforms[fields][6]\" aria-errormessage=\"wpforms-829-field_6-error\" ><\/div><div id=\"wpforms-829-field_4-container\" class=\"wpforms-field wpforms-field-radio\" data-field-id=\"4\"><fieldset><legend class=\"wpforms-field-label\">par quel service \u00eates vous int\u00e9ress\u00e9 ?<\/legend><ul id=\"wpforms-829-field_4\"><li class=\"choice-1 depth-1\"><input type=\"radio\" id=\"wpforms-829-field_4_1\" name=\"wpforms[fields][4]\" value=\"Promenade de chien\" aria-errormessage=\"wpforms-829-field_4_1-error\"  ><label class=\"wpforms-field-label-inline\" for=\"wpforms-829-field_4_1\">Promenade de chien<\/label><\/li><li class=\"choice-2 depth-1\"><input type=\"radio\" id=\"wpforms-829-field_4_2\" name=\"wpforms[fields][4]\" value=\"Visite \u00e0 domicile (chats)\" aria-errormessage=\"wpforms-829-field_4_2-error\"  ><label class=\"wpforms-field-label-inline\" for=\"wpforms-829-field_4_2\">Visite \u00e0 domicile (chats)<\/label><\/li><li class=\"choice-3 depth-1\"><input type=\"radio\" id=\"wpforms-829-field_4_3\" name=\"wpforms[fields][4]\" value=\"garde d&#039;animaux (S\u00e9jour)\" aria-errormessage=\"wpforms-829-field_4_3-error\"  ><label class=\"wpforms-field-label-inline\" for=\"wpforms-829-field_4_3\">garde d'animaux (S\u00e9jour)<\/label><\/li><li class=\"choice-6 depth-1\"><input type=\"radio\" id=\"wpforms-829-field_4_6\" name=\"wpforms[fields][4]\" value=\"Autre\" aria-errormessage=\"wpforms-829-field_4_6-error\"  ><label class=\"wpforms-field-label-inline\" for=\"wpforms-829-field_4_6\">Autre<\/label><\/li><\/ul><\/fieldset><\/div><div id=\"wpforms-829-field_12-container\" class=\"wpforms-field wpforms-field-textarea\" data-field-id=\"12\"><label class=\"wpforms-field-label\" for=\"wpforms-829-field_12\">Message<\/label><textarea id=\"wpforms-829-field_12\" class=\"wpforms-field-medium\" name=\"wpforms[fields][12]\" aria-errormessage=\"wpforms-829-field_12-error\" ><\/textarea><\/div><script>\n\t\t\t\t( function() {\n\t\t\t\t\tconst style = document.createElement( 'style' );\n\t\t\t\t\tstyle.appendChild( document.createTextNode( '#wpforms-829-field_3-container { position: absolute !important; overflow: hidden !important; display: inline !important; height: 1px !important; width: 1px !important; z-index: -1000 !important; padding: 0 !important; } #wpforms-829-field_3-container input { visibility: hidden; } #wpforms-conversational-form-page #wpforms-829-field_3-container label { counter-increment: none; }' ) );\n\t\t\t\t\tdocument.head.appendChild( style );\n\t\t\t\t\tdocument.currentScript?.remove();\n\t\t\t\t} )();\n\t\t\t<\/script><\/div><!-- .wpforms-field-container --><div class=\"wpforms-submit-container\" ><input type=\"hidden\" name=\"wpforms[id]\" value=\"829\"><input type=\"hidden\" name=\"page_title\" value=\"\"><input type=\"hidden\" name=\"page_url\" value=\"https:\/\/prontocucci.com\/fr\/wp-json\/wp\/v2\/pages\/562\"><input type=\"hidden\" name=\"url_referer\" value=\"\"><button type=\"submit\" name=\"wpforms[submit]\" id=\"wpforms-submit-829\" class=\"wpforms-submit\" data-alt-text=\"Envoi...\" data-submit-text=\"Envoyer\" aria-live=\"assertive\" value=\"wpforms-submit\">Envoyer<\/button><img loading=\"lazy\" decoding=\"async\" src=\"https:\/\/prontocucci.com\/wp-content\/plugins\/wpforms-lite\/assets\/images\/submit-spin.svg\" class=\"wpforms-submit-spinner\" style=\"display: none;\" width=\"26\" height=\"26\" alt=\"Chargement en cours\"><\/div><\/form><\/div>  <!-- .wpforms-container -->[vc_column_text]<\/p>\n<ul class=\"lv-list\">\n<li class=\"lv-footer-categories-detail__item\">\n<div class=\"lv-footer-categories-detail__text body-s\">Notre service client se fera un plaisir de vous aider au +39 348 1888 866, via chat Whatsapp ou e-mail (info@prontocucci.com).<\/div>\n<\/li>\n<\/ul>\n<p>[\/vc_column_text][\/vc_column][\/vc_row]<\/p>\n","protected":false},"excerpt":{"rendered":"<p>[vc_row content_placement=\u00a0\u00bbmiddle\u00a0\u00bb][vc_column][vc_empty_space height=\u00a0\u00bb100px\u00a0\u00bb][vc_column_text] Notre service client se fera un plaisir de vous aider au +39 348 1888 866, via chat [&hellip;]<\/p>\n","protected":false},"author":1,"featured_media":0,"parent":0,"menu_order":0,"comment_status":"closed","ping_status":"closed","template":"","meta":{"site-sidebar-layout":"no-sidebar","site-content-layout":"plain-container","ast-site-content-layout":"default","site-content-style":"default","site-sidebar-style":"default","ast-global-header-display":"","ast-banner-title-visibility":"","ast-main-header-display":"","ast-hfb-above-header-display":"","ast-hfb-below-header-display":"","ast-hfb-mobile-header-display":"","site-post-title":"disabled","ast-breadcrumbs-content":"","ast-featured-img":"disabled","footer-sml-layout":"","ast-disable-related-posts":"","theme-transparent-header-meta":"default","adv-header-id-meta":"","stick-header-meta":"","header-above-stick-meta":"","header-main-stick-meta":"","header-below-stick-meta":"","astra-migrate-meta-layouts":"set","ast-page-background-enabled":"default","ast-page-background-meta":{"desktop":{"background-color":"var(--ast-global-color-4)","background-image":"","background-repeat":"repeat","background-position":"center center","background-size":"auto","background-attachment":"scroll","background-type":"","background-media":"","overlay-type":"","overlay-color":"","overlay-opacity":"","overlay-gradient":""},"tablet":{"background-color":"","background-image":"","background-repeat":"repeat","background-position":"center center","background-size":"auto","background-attachment":"scroll","background-type":"","background-media":"","overlay-type":"","overlay-color":"","overlay-opacity":"","overlay-gradient":""},"mobile":{"background-color":"","background-image":"","background-repeat":"repeat","background-position":"center center","background-size":"auto","background-attachment":"scroll","background-type":"","background-media":"","overlay-type":"","overlay-color":"","overlay-opacity":"","overlay-gradient":""}},"ast-content-background-meta":{"desktop":{"background-color":"var(--ast-global-color-5)","background-image":"","background-repeat":"repeat","background-position":"center center","background-size":"auto","background-attachment":"scroll","background-type":"","background-media":"","overlay-type":"","overlay-color":"","overlay-opacity":"","overlay-gradient":""},"tablet":{"background-color":"var(--ast-global-color-5)","background-image":"","background-repeat":"repeat","background-position":"center center","background-size":"auto","background-attachment":"scroll","background-type":"","background-media":"","overlay-type":"","overlay-color":"","overlay-opacity":"","overlay-gradient":""},"mobile":{"background-color":"var(--ast-global-color-5)","background-image":"","background-repeat":"repeat","background-position":"center center","background-size":"auto","background-attachment":"scroll","background-type":"","background-media":"","overlay-type":"","overlay-color":"","overlay-opacity":"","overlay-gradient":""}},"footnotes":""},"class_list":["post-562","page","type-page","status-publish","hentry"],"aioseo_notices":[],"_links":{"self":[{"href":"https:\/\/prontocucci.com\/fr\/wp-json\/wp\/v2\/pages\/562","targetHints":{"allow":["GET"]}}],"collection":[{"href":"https:\/\/prontocucci.com\/fr\/wp-json\/wp\/v2\/pages"}],"about":[{"href":"https:\/\/prontocucci.com\/fr\/wp-json\/wp\/v2\/types\/page"}],"author":[{"embeddable":true,"href":"https:\/\/prontocucci.com\/fr\/wp-json\/wp\/v2\/users\/1"}],"replies":[{"embeddable":true,"href":"https:\/\/prontocucci.com\/fr\/wp-json\/wp\/v2\/comments?post=562"}],"version-history":[{"count":7,"href":"https:\/\/prontocucci.com\/fr\/wp-json\/wp\/v2\/pages\/562\/revisions"}],"predecessor-version":[{"id":872,"href":"https:\/\/prontocucci.com\/fr\/wp-json\/wp\/v2\/pages\/562\/revisions\/872"}],"wp:attachment":[{"href":"https:\/\/prontocucci.com\/fr\/wp-json\/wp\/v2\/media?parent=562"}],"curies":[{"name":"wp","href":"https:\/\/api.w.org\/{rel}","templated":true}]}}