{"id":571,"date":"2024-12-12T12:51:10","date_gmt":"2024-12-12T12:51:10","guid":{"rendered":"https:\/\/prontocucci.com\/?page_id=571"},"modified":"2024-12-12T14:03:14","modified_gmt":"2024-12-12T14:03:14","slug":"pet-nac","status":"publish","type":"page","link":"https:\/\/prontocucci.com\/fr\/pet-nac\/","title":{"rendered":"PET NAC"},"content":{"rendered":"<p>[vc_row][vc_column][vc_empty_space height=\u00a0\u00bb100px\u00a0\u00bb][\/vc_column][\/vc_row][vc_row][vc_column width=\u00a0\u00bb1\/2&Prime;][vc_single_image image=\u00a0\u00bb314&Prime; img_size=\u00a0\u00bbfull\u00a0\u00bb][\/vc_column][vc_column width=\u00a0\u00bb1\/2&Prime;][vc_column_text]<strong>Pet NAC<\/strong><\/p>\n<p>Soins complets pour votre *NAC (Nouveaux animaux de compagnie)<\/p>\n<p>Nous proposons un service d\u00e9di\u00e9 \u00e0 vos petits amis exotiques ou non conventionnels directement chez vous \u00e0 Rome. Avec une attention \u00e0 360\u00b0, nous veillons \u00e0 ce que tous leurs besoins soient satisfaits pour les garder heureux et en bonne sant\u00e9.<\/p>\n<p>La prestation comprend :<\/p>\n<ul>\n<li>Nettoyer l&rsquo;habitat pour assurer un environnement sain et s\u00e9curitaire.<\/li>\n<li>Gestion de la nourriture et de l&rsquo;eau fra\u00eeche selon leurs besoins sp\u00e9cifiques.<\/li>\n<li>De longues s\u00e9ances de jeu pour stimuler leur bien-\u00eatre physique et mental.<\/li>\n<li>Beaucoup de c\u00e2lins et d&rsquo;attentions pour les garder de bonne humeur.<\/li>\n<\/ul>\n<p>Avec notre service Pet NAC, votre petit compagnon sera toujours heureux et chouchout\u00e9 ![\/vc_column_text][vc_btn title=\u00a0\u00bbContactez-Nous\u00a0\u00bb style=\u00a0\u00bboutline-custom\u00a0\u00bb outline_custom_color=\u00a0\u00bb#000000&Prime; outline_custom_hover_background=\u00a0\u00bb#000000&Prime; outline_custom_hover_text=\u00a0\u00bb#ffffff\u00a0\u00bb shape=\u00a0\u00bbround\u00a0\u00bb link=\u00a0\u00bburl:https%3A%2F%2Fprontocucci.com%2Fcontattaci%2F\u00a0\u00bb][vc_column_text css=\u00a0\u00bb.vc_custom_1734012186969{background-color: #ffffff !important;}\u00a0\u00bb]<\/p>\n<pre>*Le terme NAC regroupe les esp\u00e8ces suivantes :\r\n<\/pre>\n<p>Rongeurs : lapin, souris, rat, hamster, cochon d&rsquo;Inde, chinchilla, gerbille, octodon, chien de prairie, \u00e9cureuil cor\u00e9en, cochon nain, etc. Primates : le saimiri et le pinceau blanc, L\u00e9zards : iguane, gecko, cam\u00e9l\u00e9on, etc. Insectes : phasmes, etc. Arthropodes : araign\u00e9es, scorpions, myriapodes, etc. Crustac\u00e9s : crevettes, bernard-l&rsquo;ermite, etc. Mollusques : escargots de Bourgogne, etc. Amphibiens : la grenouille qui rit, l&rsquo;axolotl, le dendrobate, etc. Volaille : poulet, paon, canard, oie, dinde, etc. Oiseaux : perroquet, canari, perruche, toucan, mynah, etc. Poissons : poissons rouges, poissons exotiques d&rsquo;eau douce, carpes ko\u00ef, etc. Serpents : le boa, le python, etc. La mouffette, le furet, le vison, certaines esp\u00e8ces de tortues.[\/vc_column_text][\/vc_column][\/vc_row]<\/p>\n","protected":false},"excerpt":{"rendered":"<p>[vc_row][vc_column][vc_empty_space height=\u00a0\u00bb100px\u00a0\u00bb][\/vc_column][\/vc_row][vc_row][vc_column width=\u00a0\u00bb1\/2&Prime;][vc_single_image image=\u00a0\u00bb314&Prime; img_size=\u00a0\u00bbfull\u00a0\u00bb][\/vc_column][vc_column width=\u00a0\u00bb1\/2&Prime;][vc_column_text]Pet NAC Soins complets pour votre *NAC (Nouveaux animaux de compagnie) Nous proposons un service [&hellip;]<\/p>\n","protected":false},"author":1,"featured_media":0,"parent":0,"menu_order":0,"comment_status":"closed","ping_status":"closed","template":"","meta":{"site-sidebar-layout":"default","site-content-layout":"plain-container","ast-site-content-layout":"default","site-content-style":"default","site-sidebar-style":"default","ast-global-header-display":"","ast-banner-title-visibility":"","ast-main-header-display":"","ast-hfb-above-header-display":"","ast-hfb-below-header-display":"","ast-hfb-mobile-header-display":"","site-post-title":"","ast-breadcrumbs-content":"","ast-featured-img":"","footer-sml-layout":"","ast-disable-related-posts":"","theme-transparent-header-meta":"default","adv-header-id-meta":"","stick-header-meta":"","header-above-stick-meta":"","header-main-stick-meta":"","header-below-stick-meta":"","astra-migrate-meta-layouts":"set","ast-page-background-enabled":"default","ast-page-background-meta":{"desktop":{"background-color":"var(--ast-global-color-4)","background-image":"","background-repeat":"repeat","background-position":"center center","background-size":"auto","background-attachment":"scroll","background-type":"","background-media":"","overlay-type":"","overlay-color":"","overlay-opacity":"","overlay-gradient":""},"tablet":{"background-color":"","background-image":"","background-repeat":"repeat","background-position":"center center","background-size":"auto","background-attachment":"scroll","background-type":"","background-media":"","overlay-type":"","overlay-color":"","overlay-opacity":"","overlay-gradient":""},"mobile":{"background-color":"","background-image":"","background-repeat":"repeat","background-position":"center center","background-size":"auto","background-attachment":"scroll","background-type":"","background-media":"","overlay-type":"","overlay-color":"","overlay-opacity":"","overlay-gradient":""}},"ast-content-background-meta":{"desktop":{"background-color":"var(--ast-global-color-5)","background-image":"","background-repeat":"repeat","background-position":"center center","background-size":"auto","background-attachment":"scroll","background-type":"","background-media":"","overlay-type":"","overlay-color":"","overlay-opacity":"","overlay-gradient":""},"tablet":{"background-color":"var(--ast-global-color-5)","background-image":"","background-repeat":"repeat","background-position":"center center","background-size":"auto","background-attachment":"scroll","background-type":"","background-media":"","overlay-type":"","overlay-color":"","overlay-opacity":"","overlay-gradient":""},"mobile":{"background-color":"var(--ast-global-color-5)","background-image":"","background-repeat":"repeat","background-position":"center center","background-size":"auto","background-attachment":"scroll","background-type":"","background-media":"","overlay-type":"","overlay-color":"","overlay-opacity":"","overlay-gradient":""}},"footnotes":""},"class_list":["post-571","page","type-page","status-publish","hentry"],"aioseo_notices":[],"_links":{"self":[{"href":"https:\/\/prontocucci.com\/fr\/wp-json\/wp\/v2\/pages\/571","targetHints":{"allow":["GET"]}}],"collection":[{"href":"https:\/\/prontocucci.com\/fr\/wp-json\/wp\/v2\/pages"}],"about":[{"href":"https:\/\/prontocucci.com\/fr\/wp-json\/wp\/v2\/types\/page"}],"author":[{"embeddable":true,"href":"https:\/\/prontocucci.com\/fr\/wp-json\/wp\/v2\/users\/1"}],"replies":[{"embeddable":true,"href":"https:\/\/prontocucci.com\/fr\/wp-json\/wp\/v2\/comments?post=571"}],"version-history":[{"count":3,"href":"https:\/\/prontocucci.com\/fr\/wp-json\/wp\/v2\/pages\/571\/revisions"}],"predecessor-version":[{"id":676,"href":"https:\/\/prontocucci.com\/fr\/wp-json\/wp\/v2\/pages\/571\/revisions\/676"}],"wp:attachment":[{"href":"https:\/\/prontocucci.com\/fr\/wp-json\/wp\/v2\/media?parent=571"}],"curies":[{"name":"wp","href":"https:\/\/api.w.org\/{rel}","templated":true}]}}