{"id":579,"date":"2024-12-12T12:52:17","date_gmt":"2024-12-12T12:52:17","guid":{"rendered":"https:\/\/prontocucci.com\/?page_id=579"},"modified":"2024-12-15T20:50:16","modified_gmt":"2024-12-15T20:50:16","slug":"services","status":"publish","type":"page","link":"https:\/\/prontocucci.com\/fr\/services\/","title":{"rendered":"Services"},"content":{"rendered":"<p>[vc_row][vc_column][\/vc_column][\/vc_row][vc_row css=\u00a0\u00bb.vc_custom_1732981270458{background-color: #f2f2f2 !important;}\u00a0\u00bb][vc_column css=\u00a0\u00bb.vc_custom_1732981262986{background-color: #f2f2f2 !important;}\u00a0\u00bb][vc_empty_space css=\u00a0\u00bb.vc_custom_1732981257853{background-color: #f2f2f2 !important;}\u00a0\u00bb][\/vc_column][\/vc_row][vc_row full_width=\u00a0\u00bbstretch_row\u00a0\u00bb][vc_column width=\u00a0\u00bb1\/3&Prime;][vc_single_image image=\u00a0\u00bb108&Prime; img_size=\u00a0\u00bb896&#215;990&Prime;][vc_column_text]<\/p>\n<h3 class=\"brz-tp-xs-heading2 brz-mt-xs-0 brz-mb-xs-0 brz-mb-lg-10 brz-mt-lg-10 brz-text-xs-center brz-tp-lg-heading3 brz-css-kilPU\" style=\"text-align: left;\" data-generated-css=\"brz-css-nlxmy\" data-uniq-id=\"sabyw\"><span class=\"brz-cp-color2\">DOG SITTER<\/span><\/h3>\n<p>[\/vc_column_text][vc_column_text]Si vous n&rsquo;avez pas le temps, pas de probl\u00e8me ! Nous fournissons un<strong> Service de Promenades<\/strong> de chiens \u00e0 Rome. De longues promenades dans le quartier ou dans les parcs \u00e0 proximit\u00e9 pour rendre votre compagnon \u00e0 quatre pattes heureux au contact de la nature et lui donner beaucoup d&rsquo;activit\u00e9s.[\/vc_column_text][vc_btn title=\u00a0\u00bbEn savoir plus\u00a0\u00bb style=\u00a0\u00bboutline-custom\u00a0\u00bb outline_custom_color=\u00a0\u00bb#000000&Prime; outline_custom_hover_background=\u00a0\u00bb#000000&Prime; outline_custom_hover_text=\u00a0\u00bb#ffffff\u00a0\u00bb shape=\u00a0\u00bbround\u00a0\u00bb link=\u00a0\u00bburl:https%3A%2F%2Fprontocucci.com%2Ffr%2Fpromenades%2F\u00a0\u00bb css=\u00a0\u00bb.vc_custom_1734295750952{margin-top: -10px !important;}\u00a0\u00bb][\/vc_column][vc_column width=\u00a0\u00bb1\/3&Prime;][vc_single_image image=\u00a0\u00bb107&Prime; img_size=\u00a0\u00bb896&#215;990&Prime;][vc_column_text]<\/p>\n<h3 class=\"brz-tp-lg-heading3 brz-text-xs-center brz-mb-lg-10 brz-mt-lg-10 brz-mt-xs-0 brz-mb-xs-0 brz-tp-xs-heading2 brz-css-zkCly\" data-uniq-id=\"arzqr\" data-generated-css=\"brz-css-ypbal\"><span class=\"brz-cp-color2\">CAT SITTER<\/span><\/h3>\n<p>[\/vc_column_text][vc_column_text]Pour un soin \u00e0 360\u00b0 de votre chat. Service de <strong>Visites \u00e0\u00a0domicile \u00e0 Rome.<\/strong> Nettoyage liti\u00e8re, gestion de la nourriture et de l&rsquo;eau, de longues s\u00e9ances de jeu et beaucoup de c\u00e2lins. Son humeur sera toujours au top ![\/vc_column_text][vc_empty_space height=\u00a0\u00bb40px\u00a0\u00bb css=\u00a0\u00bb.vc_custom_1734295771946{background-color: #f2f2f2 !important;}\u00a0\u00bb][vc_btn title=\u00a0\u00bbEn savoir plus\u00a0\u00bb style=\u00a0\u00bboutline-custom\u00a0\u00bb outline_custom_color=\u00a0\u00bb#000000&Prime; outline_custom_hover_background=\u00a0\u00bb#000000&Prime; outline_custom_hover_text=\u00a0\u00bb#ffffff\u00a0\u00bb shape=\u00a0\u00bbround\u00a0\u00bb link=\u00a0\u00bburl:https%3A%2F%2Fprontocucci.com%2Ffr%2Fcat-sitter%2F\u00a0\u00bb][\/vc_column][vc_column width=\u00a0\u00bb1\/3&Prime;][vc_single_image image=\u00a0\u00bb113&Prime; img_size=\u00a0\u00bb896&#215;990&Prime;][vc_column_text]<\/p>\n<h3>PET SITTING S\u00e9jours<\/h3>\n<p>[\/vc_column_text][vc_column_text]Pour des soins affectueux et personnalis\u00e9s \u00e0 vos animaux de compagnie avec le service de garde chez un dog sitter\u00a0 <strong>dans un environnement s\u00fbr et confortable<\/strong>. Nous garantissons des promenades, des jeux et une attention constante. D\u00e9tente pour vous, c\u00e2lins pour vos animaux ![\/vc_column_text][vc_empty_space height=\u00a0\u00bb20px\u00a0\u00bb css=\u00a0\u00bb.vc_custom_1734295789200{background-color: #f2f2f2 !important;}\u00a0\u00bb][vc_btn title=\u00a0\u00bbEn savoir plus\u00a0\u00bb style=\u00a0\u00bboutline-custom\u00a0\u00bb outline_custom_color=\u00a0\u00bb#000000&Prime; outline_custom_hover_background=\u00a0\u00bb#000000&Prime; outline_custom_hover_text=\u00a0\u00bb#ffffff\u00a0\u00bb shape=\u00a0\u00bbround\u00a0\u00bb link=\u00a0\u00bburl:https%3A%2F%2Fprontocucci.com%2Ffr%2Fpet-sitting-sejours%2F\u00a0\u00bb][\/vc_column][\/vc_row][vc_row full_width=\u00a0\u00bbstretch_row\u00a0\u00bb][vc_column width=\u00a0\u00bb1\/3&Prime;][vc_single_image image=\u00a0\u00bb110&Prime; img_size=\u00a0\u00bb896&#215;990&Prime;][vc_column_text]<\/p>\n<h3 class=\"brz-tp-lg-heading3 brz-mb-lg-10 brz-mt-lg-10 brz-mt-xs-0 brz-mb-xs-0 brz-tp-xs-heading2 brz-text-lg-center brz-css-njKQ_\" data-uniq-id=\"xgfew\" data-generated-css=\"brz-css-ihsnm\"><span class=\"brz-cp-color2\">PET TAXI<\/span><\/h3>\n<p>[\/vc_column_text][vc_column_text]Si votre animal a besoin d&rsquo;un voyage chez le toiletteur ou pour \u00eatre accompagn\u00e9 quelque part, pas de probl\u00e8me ! Avec le <strong>Pet Taxi<\/strong>, votre ami sera accompagn\u00e9 amen\u00e9 et ramen\u00e9 \u00e0 la maison en toute s\u00e9curit\u00e9.[\/vc_column_text][vc_btn title=\u00a0\u00bbEn savoir plus\u00a0\u00bb style=\u00a0\u00bboutline-custom\u00a0\u00bb outline_custom_color=\u00a0\u00bb#000000&Prime; outline_custom_hover_background=\u00a0\u00bb#000000&Prime; outline_custom_hover_text=\u00a0\u00bb#ffffff\u00a0\u00bb shape=\u00a0\u00bbround\u00a0\u00bb link=\u00a0\u00bburl:https%3A%2F%2Fprontocucci.com%2Ffr%2Fpet-taxi%2F\u00a0\u00bb][\/vc_column][vc_column width=\u00a0\u00bb1\/3&Prime;][vc_single_image image=\u00a0\u00bb111&Prime; img_size=\u00a0\u00bb896&#215;990&Prime;][vc_column_text]<\/p>\n<h3 class=\"brz-tp-lg-heading3 brz-text-lg-center brz-mb-lg-10 brz-mt-xs-0 brz-mb-xs-0 brz-tp-xs-heading2 brz-mt-lg-10 brz-css-dQRFe\" data-uniq-id=\"rgmgy\" data-generated-css=\"brz-css-bgavd\"><span class=\"brz-cp-color2\">TRAVEL DOG SITTER<\/span><\/h3>\n<p>[\/vc_column_text][vc_column_text]Vous voyagez avec votre chien et vous ne savez pas \u00e0 qui le confier lors de vos visites de mus\u00e9es ? Aucun probl\u00e8me! Avec le service <strong>Travel Dog Sitter<\/strong>, votre ami sera en excellente compagnie pendant toute la dur\u00e9e de la visite.[\/vc_column_text][vc_btn title=\u00a0\u00bbEn savoir plus\u00a0\u00bb style=\u00a0\u00bboutline-custom\u00a0\u00bb outline_custom_color=\u00a0\u00bb#000000&Prime; outline_custom_hover_background=\u00a0\u00bb#000000&Prime; outline_custom_hover_text=\u00a0\u00bb#ffffff\u00a0\u00bb shape=\u00a0\u00bbround\u00a0\u00bb link=\u00a0\u00bburl:https%3A%2F%2Fprontocucci.com%2Ffr%2Ftravel-dog-sitter%2F\u00a0\u00bb][\/vc_column][vc_column width=\u00a0\u00bb1\/3&Prime;][vc_single_image image=\u00a0\u00bb109&Prime; img_size=\u00a0\u00bb896&#215;990&Prime;][vc_column_text]<\/p>\n<h3 class=\"brz-tp-lg-heading3 brz-mb-xs-0 brz-mt-xs-0 brz-mt-lg-10 brz-mb-lg-10 brz-text-xs-center brz-tp-xs-heading2 brz-css-mAcij\" data-generated-css=\"brz-css-buzgx\" data-uniq-id=\"lihqg\"><span class=\"brz-cp-color2\">HOUSE SITTER<\/span><\/h3>\n<p>[\/vc_column_text][vc_column_text]Votre chien ou votre chat sera plus en paix avec un <strong>Pet Sitter \u00e0 domicile (chez vous)<\/strong> qui interagit avec lui. Quelques heures de compagnie et de jeu et si n\u00e9cessaire \u00e9galement une nuit pour qu&rsquo;il se sente plus \u00e0 l&rsquo;aise en votre absence.[\/vc_column_text][vc_btn title=\u00a0\u00bbEn savoir plus\u00a0\u00bb style=\u00a0\u00bboutline-custom\u00a0\u00bb outline_custom_color=\u00a0\u00bb#000000&Prime; outline_custom_hover_background=\u00a0\u00bb#000000&Prime; outline_custom_hover_text=\u00a0\u00bb#ffffff\u00a0\u00bb shape=\u00a0\u00bbround\u00a0\u00bb link=\u00a0\u00bburl:https%3A%2F%2Fprontocucci.com%2Ffr%2Fhouse-sitter%2F\u00a0\u00bb][\/vc_column][\/vc_row][vc_row full_width=\u00a0\u00bbstretch_row\u00a0\u00bb][vc_column width=\u00a0\u00bb1\/3&Prime;][vc_single_image image=\u00a0\u00bb159&Prime; img_size=\u00a0\u00bb896&#215;990&Prime;][vc_column_text]<\/p>\n<h3 class=\"brz-tp-lg-heading3 brz-mb-lg-10 brz-mt-lg-10 brz-mt-xs-0 brz-mb-xs-0 brz-tp-xs-heading2 brz-text-lg-center brz-css-njKQ_\" data-uniq-id=\"xgfew\" data-generated-css=\"brz-css-ihsnm\"><span class=\"brz-cp-color2\">PET NAC\u00a0 (Nouveaux Animaux de Compagnie<b>)<\/b><\/span><\/h3>\n<p>[\/vc_column_text][vc_column_text]Pour un soin \u00e0 360\u00b0 de votre Animal. Service de <strong>Visites \u00e0\u00a0domicile \u00e0 Rome.<\/strong> Nettoyage, gestion de la nourriture et de l&rsquo;eau, de longues s\u00e9ances de jeu et beaucoup de c\u00e2lins. Son humeur sera toujours au top ![\/vc_column_text][vc_empty_space height=\u00a0\u00bb30px\u00a0\u00bb css=\u00a0\u00bb.vc_custom_1733094613085{background-color: #f2f2f2 !important;}\u00a0\u00bb][vc_btn title=\u00a0\u00bbEn savoir plus\u00a0\u00bb style=\u00a0\u00bboutline-custom\u00a0\u00bb outline_custom_color=\u00a0\u00bb#000000&Prime; outline_custom_hover_background=\u00a0\u00bb#000000&Prime; outline_custom_hover_text=\u00a0\u00bb#ffffff\u00a0\u00bb shape=\u00a0\u00bbround\u00a0\u00bb link=\u00a0\u00bburl:https%3A%2F%2Fprontocucci.com%2Ffr%2Fpet-nac%2F\u00a0\u00bb][\/vc_column][vc_column width=\u00a0\u00bb1\/3&Prime;][vc_single_image image=\u00a0\u00bb160&Prime; img_size=\u00a0\u00bb896&#215;990&Prime;][vc_column_text]<\/p>\n<h3 class=\"brz-tp-lg-heading3 brz-text-lg-center brz-mb-lg-10 brz-mt-xs-0 brz-mb-xs-0 brz-tp-xs-heading2 brz-mt-lg-10 brz-css-dQRFe\" data-uniq-id=\"rgmgy\" data-generated-css=\"brz-css-bgavd\">BIEN-\u00caTRE ANIMAL<\/h3>\n<p>[\/vc_column_text][vc_column_text]<\/p>\n<div class=\"flex max-w-full flex-col flex-grow\">\n<div class=\"min-h-8 text-message flex w-full flex-col items-end gap-2 whitespace-normal break-words [.text-message+&amp;]:mt-5\" dir=\"auto\" data-message-author-role=\"assistant\" data-message-id=\"552677ab-e4bb-46b9-9be9-419a814c426e\" data-message-model-slug=\"gpt-4o\">\n<div class=\"flex w-full flex-col gap-1 empty:hidden first:pt-[3px]\">\n<div class=\"markdown prose w-full break-words dark:prose-invert light\">\n<p>Vous avez besoin d&rsquo;un moment de bien-\u00eatre pour vous ou votre animal de compagnie ? Aucun probl\u00e8me! Avec nos S<strong>ervices d&rsquo;Ost\u00e9opathie, Massage et Communication Animale<\/strong>, vous pourrez vous d\u00e9tendre et prendre soin de votre compagnon \u00e0 quatre pattes en toute s\u00e9r\u00e9nit\u00e9. Vous m\u00e9ritez tous les deux le meilleur\u00a0!<\/p>\n<\/div>\n<\/div>\n<\/div>\n<\/div>\n<div class=\"mb-2 flex gap-3 empty:hidden -ml-2\">\n<div class=\"items-center justify-start rounded-xl p-1 flex\">\n<div class=\"flex items-center\">\n<div class=\"flex\"><\/div>\n<div class=\"flex items-center pb-0\"><\/div>\n<\/div>\n<\/div>\n<\/div>\n<p>[\/vc_column_text][vc_empty_space height=\u00a0\u00bb10px\u00a0\u00bb css=\u00a0\u00bb.vc_custom_1734295807029{background-color: #f2f2f2 !important;}\u00a0\u00bb][vc_btn title=\u00a0\u00bbEn savoir plus\u00a0\u00bb style=\u00a0\u00bboutline-custom\u00a0\u00bb outline_custom_color=\u00a0\u00bb#000000&Prime; outline_custom_hover_background=\u00a0\u00bb#000000&Prime; outline_custom_hover_text=\u00a0\u00bb#ffffff\u00a0\u00bb shape=\u00a0\u00bbround\u00a0\u00bb link=\u00a0\u00bburl:https%3A%2F%2Fprontocucci.com%2Ffr%2Fbien-etre-animal%2F\u00a0\u00bb][\/vc_column][vc_column width=\u00a0\u00bb1\/3&Prime;][vc_single_image image=\u00a0\u00bb161&Prime; img_size=\u00a0\u00bb896&#215;990&Prime;][vc_column_text]<\/p>\n<h3 class=\"brz-tp-lg-heading3 brz-mb-xs-0 brz-mt-xs-0 brz-mt-lg-10 brz-mb-lg-10 brz-text-xs-center brz-tp-xs-heading2 brz-css-mAcij\" data-generated-css=\"brz-css-buzgx\" data-uniq-id=\"lihqg\"><span class=\"brz-cp-color2\">\u00c9DUCATION CANINE<\/span><\/h3>\n<p>[\/vc_column_text][vc_column_text]Vous souhaitez am\u00e9liorer la relation avec votre chien et l&rsquo;aider \u00e0 devenir calme et ob\u00e9issant ? Aucun probl\u00e8me! Avec notre<strong> Service<\/strong> d&rsquo;<strong>\u00c9ducation Canine<\/strong> bas\u00e9 sur l&rsquo;\u00e9ducation positive, votre compagnon \u00e0 quatre pattes apprendra de mani\u00e8re ludique et respectueuse. Pour un lien encore plus fort ![\/vc_column_text][vc_empty_space height=\u00a0\u00bb30px\u00a0\u00bb css=\u00a0\u00bb.vc_custom_1733094613085{background-color: #f2f2f2 !important;}\u00a0\u00bb][vc_btn title=\u00a0\u00bbEn savoir plus\u00a0\u00bb style=\u00a0\u00bboutline-custom\u00a0\u00bb outline_custom_color=\u00a0\u00bb#000000&Prime; outline_custom_hover_background=\u00a0\u00bb#000000&Prime; outline_custom_hover_text=\u00a0\u00bb#ffffff\u00a0\u00bb shape=\u00a0\u00bbround\u00a0\u00bb link=\u00a0\u00bburl:https%3A%2F%2Fprontocucci.com%2Ffr%2Feducation-canine%2F\u00a0\u00bb][\/vc_column][\/vc_row][vc_row css=\u00a0\u00bb.vc_custom_1732981321043{background-color: #f2f2f2 !important;}\u00a0\u00bb][vc_column css=\u00a0\u00bb.vc_custom_1732981308221{background-color: #f2f2f2 !important;}\u00a0\u00bb][vc_empty_space css=\u00a0\u00bb.vc_custom_1732981292118{background-color: #f2f2f2 !important;}\u00a0\u00bb][\/vc_column][\/vc_row]<\/p>\n","protected":false},"excerpt":{"rendered":"<p>[vc_row][vc_column][\/vc_column][\/vc_row][vc_row css=\u00a0\u00bb.vc_custom_1732981270458{background-color: #f2f2f2 !important;}\u00a0\u00bb][vc_column css=\u00a0\u00bb.vc_custom_1732981262986{background-color: #f2f2f2 !important;}\u00a0\u00bb][vc_empty_space css=\u00a0\u00bb.vc_custom_1732981257853{background-color: #f2f2f2 !important;}\u00a0\u00bb][\/vc_column][\/vc_row][vc_row full_width=\u00a0\u00bbstretch_row\u00a0\u00bb][vc_column width=\u00a0\u00bb1\/3&Prime;][vc_single_image image=\u00a0\u00bb108&Prime; img_size=\u00a0\u00bb896&#215;990&Prime;][vc_column_text] DOG SITTER [\/vc_column_text][vc_column_text]Si vous n&rsquo;avez pas [&hellip;]<\/p>\n","protected":false},"author":1,"featured_media":0,"parent":0,"menu_order":0,"comment_status":"closed","ping_status":"closed","template":"","meta":{"site-sidebar-layout":"no-sidebar","site-content-layout":"plain-container","ast-site-content-layout":"default","site-content-style":"default","site-sidebar-style":"default","ast-global-header-display":"","ast-banner-title-visibility":"","ast-main-header-display":"","ast-hfb-above-header-display":"","ast-hfb-below-header-display":"","ast-hfb-mobile-header-display":"","site-post-title":"disabled","ast-breadcrumbs-content":"","ast-featured-img":"disabled","footer-sml-layout":"","ast-disable-related-posts":"","theme-transparent-header-meta":"default","adv-header-id-meta":"","stick-header-meta":"","header-above-stick-meta":"","header-main-stick-meta":"","header-below-stick-meta":"","astra-migrate-meta-layouts":"set","ast-page-background-enabled":"default","ast-page-background-meta":{"desktop":{"background-color":"var(--ast-global-color-4)","background-image":"","background-repeat":"repeat","background-position":"center center","background-size":"auto","background-attachment":"scroll","background-type":"","background-media":"","overlay-type":"","overlay-color":"","overlay-opacity":"","overlay-gradient":""},"tablet":{"background-color":"","background-image":"","background-repeat":"repeat","background-position":"center center","background-size":"auto","background-attachment":"scroll","background-type":"","background-media":"","overlay-type":"","overlay-color":"","overlay-opacity":"","overlay-gradient":""},"mobile":{"background-color":"","background-image":"","background-repeat":"repeat","background-position":"center center","background-size":"auto","background-attachment":"scroll","background-type":"","background-media":"","overlay-type":"","overlay-color":"","overlay-opacity":"","overlay-gradient":""}},"ast-content-background-meta":{"desktop":{"background-color":"var(--ast-global-color-5)","background-image":"","background-repeat":"repeat","background-position":"center center","background-size":"auto","background-attachment":"scroll","background-type":"","background-media":"","overlay-type":"","overlay-color":"","overlay-opacity":"","overlay-gradient":""},"tablet":{"background-color":"var(--ast-global-color-5)","background-image":"","background-repeat":"repeat","background-position":"center center","background-size":"auto","background-attachment":"scroll","background-type":"","background-media":"","overlay-type":"","overlay-color":"","overlay-opacity":"","overlay-gradient":""},"mobile":{"background-color":"var(--ast-global-color-5)","background-image":"","background-repeat":"repeat","background-position":"center center","background-size":"auto","background-attachment":"scroll","background-type":"","background-media":"","overlay-type":"","overlay-color":"","overlay-opacity":"","overlay-gradient":""}},"footnotes":""},"class_list":["post-579","page","type-page","status-publish","hentry"],"aioseo_notices":[],"_links":{"self":[{"href":"https:\/\/prontocucci.com\/fr\/wp-json\/wp\/v2\/pages\/579","targetHints":{"allow":["GET"]}}],"collection":[{"href":"https:\/\/prontocucci.com\/fr\/wp-json\/wp\/v2\/pages"}],"about":[{"href":"https:\/\/prontocucci.com\/fr\/wp-json\/wp\/v2\/types\/page"}],"author":[{"embeddable":true,"href":"https:\/\/prontocucci.com\/fr\/wp-json\/wp\/v2\/users\/1"}],"replies":[{"embeddable":true,"href":"https:\/\/prontocucci.com\/fr\/wp-json\/wp\/v2\/comments?post=579"}],"version-history":[{"count":6,"href":"https:\/\/prontocucci.com\/fr\/wp-json\/wp\/v2\/pages\/579\/revisions"}],"predecessor-version":[{"id":825,"href":"https:\/\/prontocucci.com\/fr\/wp-json\/wp\/v2\/pages\/579\/revisions\/825"}],"wp:attachment":[{"href":"https:\/\/prontocucci.com\/fr\/wp-json\/wp\/v2\/media?parent=579"}],"curies":[{"name":"wp","href":"https:\/\/api.w.org\/{rel}","templated":true}]}}