{"id":583,"date":"2024-12-12T12:52:46","date_gmt":"2024-12-12T12:52:46","guid":{"rendered":"https:\/\/prontocucci.com\/?page_id=583"},"modified":"2024-12-15T23:36:51","modified_gmt":"2024-12-15T23:36:51","slug":"travel-dog-sitter","status":"publish","type":"page","link":"https:\/\/prontocucci.com\/fr\/travel-dog-sitter\/","title":{"rendered":"TRAVEL DOG SITTER"},"content":{"rendered":"<p>[vc_row][vc_column][vc_empty_space height=\u00a0\u00bb100px\u00a0\u00bb][\/vc_column][\/vc_row][vc_row][vc_column width=\u00a0\u00bb1\/2&Prime;][vc_single_image image=\u00a0\u00bb316&Prime; img_size=\u00a0\u00bb700&#215;700&Prime;][\/vc_column][vc_column width=\u00a0\u00bb1\/2&Prime;][vc_column_text]<strong>Travel Dog Sitter<\/strong><br \/>\n<strong>Assistance pour votre chien pendant votre voyage<\/strong><\/p>\n<p>Vous \u00eates en vacances avec votre chien mais vous ne savez pas \u00e0 qui le confier lors de vos visites de mus\u00e9es ou de lieux touristiques ? Aucun probl\u00e8me! Avec le service Travel Dog Sitter, votre ami \u00e0 quatre pattes sera entre d&rsquo;excellentes mains pendant toute la dur\u00e9e de votre visite.<\/p>\n<p>La prestation comprend :<\/p>\n<ul>\n<li>Une attention personnalis\u00e9e pour votre chien pendant votre absence.<\/li>\n<li>Promenades et r\u00e9cr\u00e9ations pour le garder actif et heureux.<\/li>\n<li>Eau fra\u00eeche et collations, sur demande.<\/li>\n<li>Possibilit\u00e9 d&rsquo;administrer des m\u00e9dicaments ou d&rsquo;autres traitements sp\u00e9cifiques.<\/li>\n<\/ul>\n<p>Avec nous, vous pouvez profiter de votre journ\u00e9e en sachant que votre chien est en s\u00e9curit\u00e9 et bien soign\u00e9 ![\/vc_column_text][vc_btn title=\u00a0\u00bbContactez-Nous\u00a0\u00bb style=\u00a0\u00bboutline-custom\u00a0\u00bb outline_custom_color=\u00a0\u00bb#000000&Prime; outline_custom_hover_background=\u00a0\u00bb#000000&Prime; outline_custom_hover_text=\u00a0\u00bb#ffffff\u00a0\u00bb shape=\u00a0\u00bbround\u00a0\u00bb link=\u00a0\u00bburl:https%3A%2F%2Fprontocucci.com%2Ffr%2Fcontactez-nous%2F\u00a0\u00bb][\/vc_column][\/vc_row]<\/p>\n","protected":false},"excerpt":{"rendered":"<p>[vc_row][vc_column][vc_empty_space height=\u00a0\u00bb100px\u00a0\u00bb][\/vc_column][\/vc_row][vc_row][vc_column width=\u00a0\u00bb1\/2&Prime;][vc_single_image image=\u00a0\u00bb316&Prime; img_size=\u00a0\u00bb700&#215;700&Prime;][\/vc_column][vc_column width=\u00a0\u00bb1\/2&Prime;][vc_column_text]Travel Dog Sitter Assistance pour votre chien pendant votre voyage Vous \u00eates en vacances avec [&hellip;]<\/p>\n","protected":false},"author":1,"featured_media":0,"parent":0,"menu_order":0,"comment_status":"closed","ping_status":"closed","template":"","meta":{"site-sidebar-layout":"default","site-content-layout":"plain-container","ast-site-content-layout":"default","site-content-style":"default","site-sidebar-style":"default","ast-global-header-display":"","ast-banner-title-visibility":"","ast-main-header-display":"","ast-hfb-above-header-display":"","ast-hfb-below-header-display":"","ast-hfb-mobile-header-display":"","site-post-title":"","ast-breadcrumbs-content":"","ast-featured-img":"","footer-sml-layout":"","ast-disable-related-posts":"","theme-transparent-header-meta":"default","adv-header-id-meta":"","stick-header-meta":"","header-above-stick-meta":"","header-main-stick-meta":"","header-below-stick-meta":"","astra-migrate-meta-layouts":"set","ast-page-background-enabled":"default","ast-page-background-meta":{"desktop":{"background-color":"var(--ast-global-color-4)","background-image":"","background-repeat":"repeat","background-position":"center center","background-size":"auto","background-attachment":"scroll","background-type":"","background-media":"","overlay-type":"","overlay-color":"","overlay-opacity":"","overlay-gradient":""},"tablet":{"background-color":"","background-image":"","background-repeat":"repeat","background-position":"center center","background-size":"auto","background-attachment":"scroll","background-type":"","background-media":"","overlay-type":"","overlay-color":"","overlay-opacity":"","overlay-gradient":""},"mobile":{"background-color":"","background-image":"","background-repeat":"repeat","background-position":"center center","background-size":"auto","background-attachment":"scroll","background-type":"","background-media":"","overlay-type":"","overlay-color":"","overlay-opacity":"","overlay-gradient":""}},"ast-content-background-meta":{"desktop":{"background-color":"var(--ast-global-color-5)","background-image":"","background-repeat":"repeat","background-position":"center center","background-size":"auto","background-attachment":"scroll","background-type":"","background-media":"","overlay-type":"","overlay-color":"","overlay-opacity":"","overlay-gradient":""},"tablet":{"background-color":"var(--ast-global-color-5)","background-image":"","background-repeat":"repeat","background-position":"center center","background-size":"auto","background-attachment":"scroll","background-type":"","background-media":"","overlay-type":"","overlay-color":"","overlay-opacity":"","overlay-gradient":""},"mobile":{"background-color":"var(--ast-global-color-5)","background-image":"","background-repeat":"repeat","background-position":"center center","background-size":"auto","background-attachment":"scroll","background-type":"","background-media":"","overlay-type":"","overlay-color":"","overlay-opacity":"","overlay-gradient":""}},"footnotes":""},"class_list":["post-583","page","type-page","status-publish","hentry"],"aioseo_notices":[],"_links":{"self":[{"href":"https:\/\/prontocucci.com\/fr\/wp-json\/wp\/v2\/pages\/583","targetHints":{"allow":["GET"]}}],"collection":[{"href":"https:\/\/prontocucci.com\/fr\/wp-json\/wp\/v2\/pages"}],"about":[{"href":"https:\/\/prontocucci.com\/fr\/wp-json\/wp\/v2\/types\/page"}],"author":[{"embeddable":true,"href":"https:\/\/prontocucci.com\/fr\/wp-json\/wp\/v2\/users\/1"}],"replies":[{"embeddable":true,"href":"https:\/\/prontocucci.com\/fr\/wp-json\/wp\/v2\/comments?post=583"}],"version-history":[{"count":4,"href":"https:\/\/prontocucci.com\/fr\/wp-json\/wp\/v2\/pages\/583\/revisions"}],"predecessor-version":[{"id":860,"href":"https:\/\/prontocucci.com\/fr\/wp-json\/wp\/v2\/pages\/583\/revisions\/860"}],"wp:attachment":[{"href":"https:\/\/prontocucci.com\/fr\/wp-json\/wp\/v2\/media?parent=583"}],"curies":[{"name":"wp","href":"https:\/\/api.w.org\/{rel}","templated":true}]}}